{"id":16503,"date":"2019-12-05T12:37:54","date_gmt":"2019-12-05T11:37:54","guid":{"rendered":"http:\/\/autotradingexpertadvisor.com\/?page_id=16503"},"modified":"2023-09-27T12:48:49","modified_gmt":"2023-09-27T10:48:49","slug":"test-storici-trading-automatico-expert-advisor-mt4","status":"publish","type":"page","link":"https:\/\/autotradingexpertadvisor.com\/en\/test-storici-trading-automatico-expert-advisor-mt4\/","title":{"rendered":"HISTORICAL TESTS"},"content":{"rendered":"<div class=\"wpb-content-wrapper\"><div class=\"vc_row wpb_row vc_row-fluid pix-vc_row-no-padding pix-row-overlay\"><div class=\"wpb_column vc_column_container vc_col-sm-12\"><div class=\"vc_column-inner\" ><div class=\"wpb_wrapper\"><h4 style=\"font-size: 16px;color: #cccccc;line-height: 1.6;text-align: center\" class=\"vc_custom_heading vc_do_custom_heading vc_custom_1631809393891\" >OUR STRENGTHS<\/h4><h2 style=\"font-size: 40px;color: #333333;line-height: 1.3;text-align: center\" class=\"vc_custom_heading vc_do_custom_heading bold500 vc_custom_1631809405662\" >HISTORICAL TESTS<\/h2>\n\t<div class=\"wpb_text_column wpb_content_element\" >\n\t\t<div class=\"wpb_wrapper\">\n\t\t\t<h3 style=\"text-align: center;\">Stamina Expert Advisor\u00ae has undergone rigorous testing, confirming its stability and programming quality.<\/h3>\n<p style=\"text-align: center;\">The tests carried out have made it possible to optimize the functioning of the algorithms used:<br \/>\nle <a href=\"https:\/\/autotradingexpertadvisor.com\/en\/recensioni-stamina\/\" target=\"_blank\" rel=\"noopener\">User reviews<\/a> e di <a href=\"https:\/\/www.milanofinanza.it\/news\/stamina-expert-advisor-l-eccellenza-italiana-del-trading-automatico-202009170940327582\" target=\"_blank\" rel=\"noopener\">Milano Finanza<\/a> speak for us and attest to the quality of our work.<\/p>\n<p style=\"text-align: center;\">Stamina can be considered the best MT4 Expert Advisor for Algorithmic Trading: a necessary tool for traders who want to improve the quality of their trading and get closer to the world of Automatic Trading.<\/p>\n\n\t\t<\/div>\n\t<\/div>\n<\/div><\/div><\/div><\/div><div data-vc-full-width=\"true\" data-vc-full-width-init=\"false\" class=\"vc_row wpb_row vc_row-fluid vc_row-padding-both pix-row-overlay vc_custom_1631810258762\"><div class=\"jarallax jarallax-full-width\" data-jarallax='{\"speed\":\"0.2\"}' style=\"background-image:url(https:\/\/autotradingexpertadvisor.com\/wp-content\/uploads\/2020\/04\/stamina-forex-robot-trading-automatico.jpg)\">\n\t<div class=\"jarallax-content\">\n\t\t<div class=\"container\"><span class=\"vc_row-overlay pix_gradient_colors_1963361821\" ><\/span><div class=\"shadowtext wpb_column vc_column_container vc_col-sm-12\"><div class=\"vc_column-inner\" ><div class=\"wpb_wrapper\"><div class=\"vc_btn3-container  button-500 vc_btn3-center vc_do_btn\" ><a style=\"background-color:#f7e118; color:#182a8a;\" class=\"vc_general vc_btn3 vc_btn3-size-md vc_btn3-shape-rounded vc_btn3-style-custom\" href=\"https:\/\/autotradingexpertadvisor.com\/en\/scarica-ebook-gratis\/\" title=\"SCARICA SUBITO L&#039;E-BOOK GRATUITO!\" target=\"_blank\">CLICK AND DOWNLOAD THE EXCLUSIVE E-BOOK FOR FREE: \u201cTHE SECRETS OF AUTOMATED TRADING\u201d<\/a><\/div><\/div><\/div><\/div><\/div><\/div><\/div><\/div><div class=\"vc_row-full-width vc_clearfix\"><\/div><div data-vc-full-width=\"true\" data-vc-full-width-init=\"false\" class=\"vc_row wpb_row vc_row-fluid pix-vc_row-no-padding pix-row-overlay vc_custom_1574239163568 vc_row-has-fill vc_row-o-equal-height vc_row-flex\"><div class=\"wpb_column vc_column_container vc_col-sm-12\"><div class=\"vc_column-inner vc_custom_1574186336198\" ><div class=\"wpb_wrapper\"><div class=\"vc_row wpb_row vc_inner vc_row-fluid text400\"><div class=\"wpb_column vc_column_container vc_col-sm-6\"><div class=\"vc_column-inner vc_custom_1574186362037\"><div class=\"wpb_wrapper\"><div class=\"vc-hoverbox-wrapper  vc-hoverbox-shape--rounded vc-hoverbox-align--center vc-hoverbox-direction--default vc-hoverbox-width--100\"  ontouchstart=\"\">\n  <div class=\"vc-hoverbox\">\n    <div class=\"vc-hoverbox-inner\">\n      <div class=\"vc-hoverbox-block vc-hoverbox-front\" style=\"background-image: url(https:\/\/autotradingexpertadvisor.com\/wp-content\/uploads\/2019\/12\/Unit-Linked-1024x769.jpg);\">\n        <div class=\"vc-hoverbox-block-inner vc-hoverbox-front-inner\">\n            \n        <\/div>\n      <\/div>\n      <div class=\"vc-hoverbox-block vc-hoverbox-back\" style=\"background-color: #ebebeb;\">\n        <div class=\"vc-hoverbox-block-inner vc-hoverbox-back-inner\">\n            <h2 style=\"text-align:center\">Rely on the Automatic Trading of Stamina Expert advisor<\/h2>\n            <div class=\"syn-lportf-info syn-hvimage-content-elem syn-transition-d3 syn-animation-d4 syn-transition-4\" style=\"text-align: center;\"><span class=\"syn-hvimage-content-elemspan\">and dedicate your time to the things you love<\/span><\/div>\n\n            \n        <\/div>\n      <\/div>\n    <\/div>\n  <\/div>\n<\/div><\/div><\/div><\/div><div class=\"teststorici wpb_column vc_column_container vc_col-sm-6\"><div class=\"vc_column-inner vc_custom_1575556423291\"><div class=\"wpb_wrapper\"><h2 style=\"font-size: 28px;color: #333333;line-height: 1.2;text-align: left\" class=\"vc_custom_heading vc_do_custom_heading vc_custom_1631810333578\" >Here are some considerations<\/h2><h2 style=\"font-size: 37px;color: #333333;line-height: 1.2;text-align: left\" class=\"vc_custom_heading vc_do_custom_heading bold500 vc_custom_1631811426126\" >on the tests carried out<\/h2>\n\t<div class=\"wpb_raw_code wpb_raw_html wpb_content_element test-list\" >\n\t\t<div class=\"wpb_wrapper\">\n\t\t\t<div><i class=\"fas fa-chart-line\"><\/i>High-quality historical data was used.<\/div>\n\n<div><i class=\"fas fa-user-times\"><\/i>They were carried out using only Automatic Mode, without the slightest intervention of semi-automatic strategies.<\/div>\n\n<div><i class=\"fas fa-lock-open\"><\/i>They were performed without the aid of one of the two exclusive protection systems designed specifically for Stamina.<\/div>\n\n<div><i class=\"fas fa-hand-holding-usd\"><\/i>They concern individual currency pairs, so the potential profit results can be combined: the Trading Robot can be used simultaneously on different currency pairs.<\/div>\n\n<div><i class=\"fas fa-shield-alt\"><\/i>The profit shown was achieved WITHOUT reinvesting previous earnings, and therefore without calculating any compound interest.<\/div>\n\n<div><i class=\"fas fa-chart-area\"><\/i>They do not exhaust the overall potential of Stamina: our Trading Robot can be tested and used on any currency instrument.<\/div>\n\t\t<\/div>\n\t<\/div>\n<\/div><\/div><\/div><\/div><\/div><\/div><\/div><\/div><div class=\"vc_row-full-width vc_clearfix\"><\/div><div data-vc-full-width=\"true\" data-vc-full-width-init=\"false\" class=\"vc_row wpb_row vc_row-fluid pix-vc_row-no-padding pix-row-overlay vc_custom_1575557930797 vc_row-has-fill vc_row-o-equal-height vc_row-flex\"><div class=\"wpb_column vc_column_container vc_col-sm-12\"><div class=\"vc_column-inner vc_custom_1574186336198\" ><div class=\"wpb_wrapper\"><div class=\"vc_row wpb_row vc_inner vc_row-fluid text400\"><div class=\"wpb_column vc_column_container vc_col-sm-12\"><div class=\"vc_column-inner vc_custom_1575299817548\"><div class=\"wpb_wrapper\"><h3 style=\"font-size: 30px;color: #333333;line-height: 1.2;text-align: center\" class=\"vc_custom_heading vc_do_custom_heading bold500 vc_custom_1631870176781\" >Here are some of the many Tests performed<\/h3>\n\t<div class=\"wpb_text_column wpb_content_element\" >\n\t\t<div class=\"wpb_wrapper\">\n\t\t\t<p style=\"text-align: center;\"><span style=\"font-size: 10pt;\">N.B.: Past or simulated performance does not constitute any guarantee or promise of future results, as per <a href=\"https:\/\/autotradingexpertadvisor.com\/en\/disclaimer\/\" target=\"_blank\" rel=\"noopener noreferrer\">Disclaimer<\/a>.<\/span><\/p>\n\n\t\t<\/div>\n\t<\/div>\n<\/div><\/div><\/div><\/div><\/div><\/div><\/div><\/div><div class=\"vc_row-full-width vc_clearfix\"><\/div><div class=\"vc_row wpb_row vc_row-fluid pix-vc_row-no-padding pix-row-overlay vc_custom_1631874229379\"><div class=\"wpb_column vc_column_container vc_col-sm-2\"><div class=\"vc_column-inner\" ><div class=\"wpb_wrapper\"><\/div><\/div><\/div><div class=\"shadowbox wpb_column vc_column_container vc_col-sm-8\"><div class=\"vc_column-inner vc_custom_1631874144317\" ><div class=\"wpb_wrapper\">\n\t<div  class=\"wpb_single_image wpb_content_element vc_align_center wpb_content_element\">\n\t\t\n\t\t<figure class=\"wpb_wrapper vc_figure\">\n\t\t\t<a href=\"https:\/\/autotradingexpertadvisor.com\/wp-content\/uploads\/2019\/12\/teststorico.jpg\" target=\"_blank\" class=\"vc_single_image-wrapper   vc_box_border_grey\"><img loading=\"lazy\" decoding=\"async\" width=\"770\" height=\"188\" src=\"https:\/\/autotradingexpertadvisor.com\/wp-content\/uploads\/2019\/12\/Test-Storico-GBP-USD-e1580298366978.gif\" class=\"vc_single_image-img attachment-full\" alt=\"Test Storico GBP USD\" title=\"Test Storico GBP USD\" \/><\/a>\n\t\t<\/figure>\n\t<\/div>\n\n\t<div class=\"wpb_text_column wpb_content_element\" >\n\t\t<div class=\"wpb_wrapper\">\n\t\t\t<p style=\"text-align: center;\"><span style=\"color: #939393; font-size: 14px;\">Click on the image to view the results<\/span><\/p>\n<p style=\"text-align: center;\">Historical test GBP\/USD<br \/>\nPeriod 2016-2019<br \/>\nInitial deposit: 2000 EURO<br \/>\nFinal capital: <strong>6<\/strong><b>118 EURO<\/b><\/p>\n\n\t\t<\/div>\n\t<\/div>\n<\/div><\/div><\/div><div class=\"wpb_column vc_column_container vc_col-sm-2\"><div class=\"vc_column-inner\" ><div class=\"wpb_wrapper\"><\/div><\/div><\/div><\/div><div class=\"vc_row wpb_row vc_row-fluid pix-vc_row-no-padding pix-row-overlay vc_custom_1631874252957\"><div class=\"wpb_column vc_column_container vc_col-sm-2\"><div class=\"vc_column-inner\" ><div class=\"wpb_wrapper\"><\/div><\/div><\/div><div class=\"shadowbox wpb_column vc_column_container vc_col-sm-8\"><div class=\"vc_column-inner vc_custom_1631872256200\" ><div class=\"wpb_wrapper\">\n\t<div  class=\"wpb_single_image wpb_content_element vc_align_center wpb_content_element\">\n\t\t\n\t\t<figure class=\"wpb_wrapper vc_figure\">\n\t\t\t<a href=\"https:\/\/autotradingexpertadvisor.com\/wp-content\/uploads\/2019\/12\/eur-usd.jpg\" target=\"_blank\" class=\"vc_single_image-wrapper   vc_box_border_grey\"><img loading=\"lazy\" decoding=\"async\" width=\"820\" height=\"200\" src=\"https:\/\/autotradingexpertadvisor.com\/wp-content\/uploads\/2019\/12\/Test-Storico-EUR-USD.gif\" class=\"vc_single_image-img attachment-full\" alt=\"Test Storico EUR USD\" title=\"Test Storico EUR USD\" \/><\/a>\n\t\t<\/figure>\n\t<\/div>\n\n\t<div class=\"wpb_text_column wpb_content_element\" >\n\t\t<div class=\"wpb_wrapper\">\n\t\t\t<p style=\"text-align: center;\"><span style=\"color: #939393; font-size: 14px;\">Click on the image to view the results<\/span><\/p>\n<p style=\"text-align: center;\">Historical test EUR\/USD<br \/>\nPeriod 2016-2019<br \/>\nInitial deposit: 2000 EURO<br \/>\nFinal capital:<strong> 3<\/strong><b>721 EURO<\/b><\/p>\n\n\t\t<\/div>\n\t<\/div>\n<\/div><\/div><\/div><div class=\"wpb_column vc_column_container vc_col-sm-2\"><div class=\"vc_column-inner\" ><div class=\"wpb_wrapper\"><\/div><\/div><\/div><\/div><div class=\"vc_row wpb_row vc_row-fluid pix-vc_row-no-padding pix-row-overlay vc_custom_1631874265554\"><div class=\"wpb_column vc_column_container vc_col-sm-2\"><div class=\"vc_column-inner\" ><div class=\"wpb_wrapper\"><\/div><\/div><\/div><div class=\"shadowbox wpb_column vc_column_container vc_col-sm-8\"><div class=\"vc_column-inner vc_custom_1631872256200\" ><div class=\"wpb_wrapper\">\n\t<div  class=\"wpb_single_image wpb_content_element vc_align_center wpb_content_element\">\n\t\t\n\t\t<figure class=\"wpb_wrapper vc_figure\">\n\t\t\t<a href=\"https:\/\/autotradingexpertadvisor.com\/wp-content\/uploads\/2019\/12\/usd-cad.jpg\" target=\"_blank\" class=\"vc_single_image-wrapper   vc_box_border_grey\"><img loading=\"lazy\" decoding=\"async\" width=\"820\" height=\"200\" src=\"https:\/\/autotradingexpertadvisor.com\/wp-content\/uploads\/2019\/12\/Test-Storico-USD-CAD.gif\" class=\"vc_single_image-img attachment-full\" alt=\"\" title=\"Test Storico USD CAD\" \/><\/a>\n\t\t<\/figure>\n\t<\/div>\n\n\t<div class=\"wpb_text_column wpb_content_element\" >\n\t\t<div class=\"wpb_wrapper\">\n\t\t\t<p style=\"text-align: center;\"><span style=\"color: #939393; font-size: 14px;\">Click on the image to view the results<\/span><\/p>\n<p style=\"text-align: center;\">Historical test USD\/CAD<br \/>\nPeriod 2016-2019<br \/>\nInitial deposit: 2000 EURO<br \/>\nFinal capital: <strong>4<\/strong><b>036 EURO<\/b><\/p>\n\n\t\t<\/div>\n\t<\/div>\n<\/div><\/div><\/div><div class=\"wpb_column vc_column_container vc_col-sm-2\"><div class=\"vc_column-inner\" ><div class=\"wpb_wrapper\"><\/div><\/div><\/div><\/div><div class=\"vc_row wpb_row vc_row-fluid pix-vc_row-no-padding pix-row-overlay vc_custom_1631874275698\"><div class=\"wpb_column vc_column_container vc_col-sm-2\"><div class=\"vc_column-inner\" ><div class=\"wpb_wrapper\"><\/div><\/div><\/div><div class=\"shadowbox wpb_column vc_column_container vc_col-sm-8\"><div class=\"vc_column-inner vc_custom_1631872256200\" ><div class=\"wpb_wrapper\">\n\t<div  class=\"wpb_single_image wpb_content_element vc_align_center wpb_content_element\">\n\t\t\n\t\t<figure class=\"wpb_wrapper vc_figure\">\n\t\t\t<a href=\"https:\/\/autotradingexpertadvisor.com\/wp-content\/uploads\/2019\/12\/eur-aud.jpg\" target=\"_blank\" class=\"vc_single_image-wrapper   vc_box_border_grey\"><img loading=\"lazy\" decoding=\"async\" width=\"820\" height=\"200\" src=\"https:\/\/autotradingexpertadvisor.com\/wp-content\/uploads\/2019\/12\/Test-Storico-EUR-AUD.gif\" class=\"vc_single_image-img attachment-full\" alt=\"\" title=\"Test Storico EUR AUD\" \/><\/a>\n\t\t<\/figure>\n\t<\/div>\n\n\t<div class=\"wpb_text_column wpb_content_element\" >\n\t\t<div class=\"wpb_wrapper\">\n\t\t\t<p style=\"text-align: center;\"><span style=\"color: #939393; font-size: 14px;\">Click on the image to view the results<\/span><\/p>\n<p style=\"text-align: center;\">Historical test EUR\/AUD<br \/>\nPeriodo 2016-2018<br \/>\nInitial deposit: 2000 EURO<br \/>\nFinal capital: <strong>3<\/strong><b>778 EURO<\/b><\/p>\n\n\t\t<\/div>\n\t<\/div>\n<\/div><\/div><\/div><div class=\"wpb_column vc_column_container vc_col-sm-2\"><div class=\"vc_column-inner\" ><div class=\"wpb_wrapper\"><\/div><\/div><\/div><\/div><div class=\"vc_row wpb_row vc_row-fluid pix-vc_row-no-padding pix-row-overlay vc_custom_1631874284914\"><div class=\"wpb_column vc_column_container vc_col-sm-2\"><div class=\"vc_column-inner\" ><div class=\"wpb_wrapper\"><\/div><\/div><\/div><div class=\"shadowbox wpb_column vc_column_container vc_col-sm-8\"><div class=\"vc_column-inner vc_custom_1631872256200\" ><div class=\"wpb_wrapper\">\n\t<div  class=\"wpb_single_image wpb_content_element vc_align_center wpb_content_element\">\n\t\t\n\t\t<figure class=\"wpb_wrapper vc_figure\">\n\t\t\t<a href=\"https:\/\/autotradingexpertadvisor.com\/wp-content\/uploads\/2019\/12\/usd-chf.jpg\" target=\"_blank\" class=\"vc_single_image-wrapper   vc_box_border_grey\"><img loading=\"lazy\" decoding=\"async\" width=\"820\" height=\"200\" src=\"https:\/\/autotradingexpertadvisor.com\/wp-content\/uploads\/2019\/12\/Test-Storico-USD-CHF-1.gif\" class=\"vc_single_image-img attachment-full\" alt=\"\" title=\"Test Storico USD CHF\" \/><\/a>\n\t\t<\/figure>\n\t<\/div>\n\n\t<div class=\"wpb_text_column wpb_content_element\" >\n\t\t<div class=\"wpb_wrapper\">\n\t\t\t<p style=\"text-align: center;\"><span style=\"color: #939393; font-size: 14px;\">Click on the image to view the results<\/span><\/p>\n<p style=\"text-align: center;\">Historical test USD\/CHF<br \/>\nPeriod 2016-2019<br \/>\nInitial deposit: 2000 EURO<br \/>\nFinal capital: <strong>3<\/strong><b>524 EURO<\/b><\/p>\n\n\t\t<\/div>\n\t<\/div>\n<\/div><\/div><\/div><div class=\"wpb_column vc_column_container vc_col-sm-2\"><div class=\"vc_column-inner\" ><div class=\"wpb_wrapper\"><\/div><\/div><\/div><\/div><div class=\"vc_row wpb_row vc_row-fluid pix-vc_row-no-padding pix-row-overlay vc_custom_1631874297189\"><div class=\"wpb_column vc_column_container vc_col-sm-2\"><div class=\"vc_column-inner\" ><div class=\"wpb_wrapper\"><\/div><\/div><\/div><div class=\"shadowbox wpb_column vc_column_container vc_col-sm-8\"><div class=\"vc_column-inner vc_custom_1631872256200\" ><div class=\"wpb_wrapper\">\n\t<div  class=\"wpb_single_image wpb_content_element vc_align_center wpb_content_element\">\n\t\t\n\t\t<figure class=\"wpb_wrapper vc_figure\">\n\t\t\t<a href=\"https:\/\/autotradingexpertadvisor.com\/wp-content\/uploads\/2019\/12\/aud-chf.jpg\" target=\"_blank\" class=\"vc_single_image-wrapper   vc_box_border_grey\"><img loading=\"lazy\" decoding=\"async\" width=\"820\" height=\"200\" src=\"https:\/\/autotradingexpertadvisor.com\/wp-content\/uploads\/2019\/12\/Test-Storico-AUD-CHF.gif\" class=\"vc_single_image-img attachment-full\" alt=\"\" title=\"Test Storico AUD CHF\" \/><\/a>\n\t\t<\/figure>\n\t<\/div>\n\n\t<div class=\"wpb_text_column wpb_content_element\" >\n\t\t<div class=\"wpb_wrapper\">\n\t\t\t<p style=\"text-align: center;\"><span style=\"color: #939393; font-size: 14px;\">Click on the image to view the results<\/span><\/p>\n<p style=\"text-align: center;\">Historical test AUD\/CHF<br \/>\nPeriod 2016-2019<br \/>\nInitial deposit: 2000 EURO<br \/>\nFinal capital: <strong>3<\/strong><b>389 EURO<\/b><\/p>\n\n\t\t<\/div>\n\t<\/div>\n<\/div><\/div><\/div><div class=\"wpb_column vc_column_container vc_col-sm-2\"><div class=\"vc_column-inner\" ><div class=\"wpb_wrapper\"><\/div><\/div><\/div><\/div><div class=\"vc_row wpb_row vc_row-fluid pix-vc_row-no-padding pix-row-overlay vc_custom_1631874308693\"><div class=\"wpb_column vc_column_container vc_col-sm-2\"><div class=\"vc_column-inner\" ><div class=\"wpb_wrapper\"><\/div><\/div><\/div><div class=\"shadowbox wpb_column vc_column_container vc_col-sm-8\"><div class=\"vc_column-inner vc_custom_1631872256200\" ><div class=\"wpb_wrapper\">\n\t<div  class=\"wpb_single_image wpb_content_element vc_align_center wpb_content_element\">\n\t\t\n\t\t<figure class=\"wpb_wrapper vc_figure\">\n\t\t\t<a href=\"https:\/\/autotradingexpertadvisor.com\/wp-content\/uploads\/2019\/12\/aud-cad.jpg\" target=\"_blank\" class=\"vc_single_image-wrapper   vc_box_border_grey\"><img loading=\"lazy\" decoding=\"async\" width=\"820\" height=\"200\" src=\"https:\/\/autotradingexpertadvisor.com\/wp-content\/uploads\/2019\/12\/Test-Storico-AUD-CAD.gif\" class=\"vc_single_image-img attachment-full\" alt=\"\" title=\"Test Storico AUD CAD\" \/><\/a>\n\t\t<\/figure>\n\t<\/div>\n\n\t<div class=\"wpb_text_column wpb_content_element\" >\n\t\t<div class=\"wpb_wrapper\">\n\t\t\t<p style=\"text-align: center;\"><span style=\"color: #939393; font-size: 14px;\">Click on the image to view the results<\/span><\/p>\n<p style=\"text-align: center;\">Historical test AUD\/CAD<br \/>\nPeriod 2016-2019<br \/>\nInitial deposit: 2000 EURO<br \/>\nFinal capital: <strong>3<\/strong><b>114 EURO<\/b><\/p>\n\n\t\t<\/div>\n\t<\/div>\n<\/div><\/div><\/div><div class=\"wpb_column vc_column_container vc_col-sm-2\"><div class=\"vc_column-inner\" ><div class=\"wpb_wrapper\"><\/div><\/div><\/div><\/div><div data-vc-full-width=\"true\" data-vc-full-width-init=\"false\" class=\"vc_row wpb_row vc_row-fluid pix-vc_row-no-padding pix-row-overlay vc_custom_1659707824295 vc_row-has-fill\"><div class=\"wpb_column vc_column_container vc_col-sm-12\"><div class=\"vc_column-inner\" ><div class=\"wpb_wrapper\"><div class=\"vc_empty_space\"   style=\"height: 32px\"><span class=\"vc_empty_space_inner\"><\/span><\/div>\n\t<div class=\"wpb_text_column wpb_content_element\" >\n\t\t<div class=\"wpb_wrapper\">\n\t\t\t<p style=\"text-align: center;\"><span style=\"font-size: 19px;\"><strong>Also Trend-Online talk about us: <a href=\"https:\/\/autotradingexpertadvisor.com\/en\/\" target=\"_blank\" rel=\"noopener\">click to read the article<\/a><\/strong><\/span><\/p>\n\n\t\t<\/div>\n\t<\/div>\n<div class=\"vc_empty_space\"   style=\"height: 32px\"><span class=\"vc_empty_space_inner\"><\/span><\/div>\n\t<div  class=\"wpb_single_image wpb_content_element vc_align_center wpb_content_element\">\n\t\t\n\t\t<figure class=\"wpb_wrapper vc_figure\">\n\t\t\t<a href=\"https:\/\/www.trend-online.com\/forex\/trading-automatico-come-gli-expert-advisor-hanno-cambiato-il-trading-online\/\" target=\"_self\" class=\"vc_single_image-wrapper   vc_box_border_grey\"><img loading=\"lazy\" decoding=\"async\" width=\"761\" height=\"245\" src=\"https:\/\/autotradingexpertadvisor.com\/wp-content\/uploads\/2022\/08\/trendonline.png\" class=\"vc_single_image-img attachment-full\" alt=\"\" title=\"trendonline\" srcset=\"https:\/\/autotradingexpertadvisor.com\/wp-content\/uploads\/2022\/08\/trendonline.png 761w, https:\/\/autotradingexpertadvisor.com\/wp-content\/uploads\/2022\/08\/trendonline-300x97.png 300w, https:\/\/autotradingexpertadvisor.com\/wp-content\/uploads\/2022\/08\/trendonline-18x6.png 18w, https:\/\/autotradingexpertadvisor.com\/wp-content\/uploads\/2022\/08\/trendonline-70x23.png 70w, https:\/\/autotradingexpertadvisor.com\/wp-content\/uploads\/2022\/08\/trendonline-620x200.png 620w, https:\/\/autotradingexpertadvisor.com\/wp-content\/uploads\/2022\/08\/trendonline-600x193.png 600w\" sizes=\"auto, (max-width: 761px) 100vw, 761px\" \/><\/a>\n\t\t<\/figure>\n\t<\/div>\n<\/div><\/div><\/div><\/div><div class=\"vc_row-full-width vc_clearfix\"><\/div>\n<\/div>","protected":false},"excerpt":{"rendered":"I NOSTRI PUNTI DI FORZATEST STORICI Stamina Expert Advisor\u00ae \u00e8 stato sottoposto a rigorosi Test, che ne hanno confermato la stabilit\u00e0 e la qualit\u00e0 della programmazione. I test effettuati hanno permesso di ottimizzare al meglio il funzionamento degli Algoritmi utilizzati: le Recensioni degli utenti e di Milano Finanza parlano per noi e attestano la qualit\u00e0 [...]","protected":false},"author":1,"featured_media":0,"parent":0,"menu_order":0,"comment_status":"closed","ping_status":"closed","template":"","meta":{"_joinchat":[],"footnotes":""},"class_list":["post-16503","page","type-page","status-publish","hentry"],"aioseo_notices":[],"_links":{"self":[{"href":"https:\/\/autotradingexpertadvisor.com\/en\/wp-json\/wp\/v2\/pages\/16503","targetHints":{"allow":["GET"]}}],"collection":[{"href":"https:\/\/autotradingexpertadvisor.com\/en\/wp-json\/wp\/v2\/pages"}],"about":[{"href":"https:\/\/autotradingexpertadvisor.com\/en\/wp-json\/wp\/v2\/types\/page"}],"author":[{"embeddable":true,"href":"https:\/\/autotradingexpertadvisor.com\/en\/wp-json\/wp\/v2\/users\/1"}],"replies":[{"embeddable":true,"href":"https:\/\/autotradingexpertadvisor.com\/en\/wp-json\/wp\/v2\/comments?post=16503"}],"version-history":[{"count":3,"href":"https:\/\/autotradingexpertadvisor.com\/en\/wp-json\/wp\/v2\/pages\/16503\/revisions"}],"predecessor-version":[{"id":22620,"href":"https:\/\/autotradingexpertadvisor.com\/en\/wp-json\/wp\/v2\/pages\/16503\/revisions\/22620"}],"wp:attachment":[{"href":"https:\/\/autotradingexpertadvisor.com\/en\/wp-json\/wp\/v2\/media?parent=16503"}],"curies":[{"name":"wp","href":"https:\/\/api.w.org\/{rel}","templated":true}]}}