{"id":12842,"date":"2016-12-13T13:57:56","date_gmt":"2016-12-13T13:57:56","guid":{"rendered":"http:\/\/localhost\/demo\/?page_id=25"},"modified":"2023-09-26T11:49:48","modified_gmt":"2023-09-26T09:49:48","slug":"faq-expert-advisor-mt4-trading-automatico","status":"publish","type":"page","link":"https:\/\/autotradingexpertadvisor.com\/en\/faq-expert-advisor-mt4-trading-automatico\/","title":{"rendered":"F.A.Q."},"content":{"rendered":"<div class=\"wpb-content-wrapper\"><div class=\"vc_row wpb_row vc_row-fluid pix-vc_row-no-padding pix-row-overlay\"><div class=\"wpb_column vc_column_container vc_col-sm-12\"><div class=\"vc_column-inner\" ><div class=\"wpb_wrapper\"><h4 style=\"font-size: 16px;color: #cccccc;line-height: 1.6;text-align: center\" class=\"vc_custom_heading vc_do_custom_heading vc_custom_1623667982547\" >DO YOU HAVE ANY DOUBTS?<\/h4><h2 style=\"font-size: 40px;color: #333333;line-height: 1.3;text-align: center\" class=\"vc_custom_heading vc_do_custom_heading bold500 vc_custom_1623668003282\" >READ OUR F.A.Q.<\/h2><\/div><\/div><\/div><\/div><div class=\"vc_row wpb_row vc_row-fluid pix-vc_row-no-padding pix-row-overlay\"><div class=\"wpb_column vc_column_container vc_col-sm-12\"><div class=\"vc_column-inner\" ><div class=\"wpb_wrapper\"><div  class=\"vc_do_toggle vc_toggle vc_toggle_round vc_toggle_color_blue  vc_toggle_size_md vc_toggle_active  text400\"><div class=\"vc_toggle_title\"><h3 style=\"text-align: left\" class=\"vc_custom_heading vc_do_custom_heading\" >What are your Expert Advisors?<\/h3><i class=\"vc_toggle_icon\"><\/i><\/div><div class=\"vc_toggle_content\"><p>Our Expert Advisors are software programs designed to automate online trading on the Forex markets using sophisticated algorithmic trading systems: in simple terms, they are trading robots that perform <a href=\"https:\/\/autotradingexpertadvisor.com\/en\/vantaggi-trading-automatico-expert-advisor-mt4\/\">Automatic Trading<\/a>, trading on financial markets with a high degree of automation.<\/p>\n<\/div><\/div><div  class=\"vc_do_toggle vc_toggle vc_toggle_round vc_toggle_color_blue  vc_toggle_size_md vc_toggle_active  text400\"><div class=\"vc_toggle_title\"><h3 style=\"text-align: left\" class=\"vc_custom_heading vc_do_custom_heading\" >How do your Expert Advisors work?<\/h3><i class=\"vc_toggle_icon\"><\/i><\/div><div class=\"vc_toggle_content\"><p>Using sophisticated indicators, our Expert Advisors are able to identify the dominant market trend: at this point, complex algorithms come into play, enabling the trading systems to operate automatically by executing various strategies embedded in the programming code and customizable by the user. The end result is extremely comprehensive automated trading software capable of assessing the market and consequently opening, managing, and closing trades according to differentiated trading strategies, in accordance with the settings provided by the user.<\/p>\n<\/div><\/div><div  class=\"vc_do_toggle vc_toggle vc_toggle_round vc_toggle_color_blue  vc_toggle_size_md   text400\"><div class=\"vc_toggle_title\"><h3 style=\"text-align: left\" class=\"vc_custom_heading vc_do_custom_heading\" >Are your Expert Advisors a broker or a trading platform?<\/h3><i class=\"vc_toggle_icon\"><\/i><\/div><div class=\"vc_toggle_content\"><p>No. I nostri Expert Advisor sono software che vengono installati sulla piattaforma MT4 del tuo Broker di Trading: da parte nostra non sar\u00e0 mai richiesto agli utenti nessun deposito o versamento di denaro.<\/p>\n<\/div><\/div><div  class=\"vc_do_toggle vc_toggle vc_toggle_round vc_toggle_color_blue  vc_toggle_size_md   text400\"><div class=\"vc_toggle_title\"><h3 style=\"text-align: left\" class=\"vc_custom_heading vc_do_custom_heading\" >Are your Expert Advisors a copy trading service or an asset management service?<\/h3><i class=\"vc_toggle_icon\"><\/i><\/div><div class=\"vc_toggle_content\"><p>No. I nostri Expert Advisor sono dei software di Trading Algoritmico i cui parametri sono completamente personalizzabili dall&#8217;utente, che pu\u00f2 decidere in autonomia la strategia da utilizzare, le modalit\u00e0 di ingresso a mercato e tutto ci\u00f2 che riguarda il money management e il rapporto rischio\/rendimento, rimanendo sempre nel pieno controllo del proprio conto di Trading.<\/p>\n<\/div><\/div><div  class=\"vc_do_toggle vc_toggle vc_toggle_round vc_toggle_color_blue  vc_toggle_size_md   text400\"><div class=\"vc_toggle_title\"><h3 style=\"text-align: left\" class=\"vc_custom_heading vc_do_custom_heading\" >Do I have to deposit my money with your company?<\/h3><i class=\"vc_toggle_icon\"><\/i><\/div><div class=\"vc_toggle_content\"><p>Assolutamente no. La nostra \u00e8 un&#8217;Azienda informatica e si occupa soltanto della programmazione e commercializzazione dei nostri Expert Advisor, dei software che potrai installare sul tuo Broker di Trading di fiducia.<\/p>\n<\/div><\/div><div  class=\"vc_do_toggle vc_toggle vc_toggle_round vc_toggle_color_blue  vc_toggle_size_md vc_toggle_active  text400\"><div class=\"vc_toggle_title\"><h3 style=\"text-align: left\" class=\"vc_custom_heading vc_do_custom_heading\" >Who developed your Expert Advisors?<\/h3><i class=\"vc_toggle_icon\"><\/i><\/div><div class=\"vc_toggle_content\"><p>Our Expert Advisors are developed and distributed by Swiss Corp, an all-Italian software development company, thanks to the collaboration between specialized programmers, financial market analysts, and algorithmic trading strategists. <a href=\"https:\/\/autotradingexpertadvisor.com\/en\/chi-ha-creato-stamina-expert-advisor\/\" target=\"_blank\" rel=\"noopener\">Click here<\/a> to meet the Head of the Design Team.<\/p>\n<\/div><\/div><div  class=\"vc_do_toggle vc_toggle vc_toggle_round vc_toggle_color_blue  vc_toggle_size_md   text400\"><div class=\"vc_toggle_title\"><h3 style=\"text-align: left\" class=\"vc_custom_heading vc_do_custom_heading\" >Is it very complicated to use your Expert Advisors?<\/h3><i class=\"vc_toggle_icon\"><\/i><\/div><div class=\"vc_toggle_content\"><p>No: i nostri Trading Robot sono adatti ai Traders che hanno poco tempo a disposizione cos\u00ec come a quelli pi\u00f9 esperti.<br \/>\nPer ogni esigenza tecnica ogni utente avr\u00e0 un Consulente dedicato che lo seguir\u00e0 passo passo per tutta la durata dell\u2019abbonamento.<\/p>\n<\/div><\/div><div  class=\"vc_do_toggle vc_toggle vc_toggle_round vc_toggle_color_blue  vc_toggle_size_md   text400\"><div class=\"vc_toggle_title\"><h3 style=\"text-align: left\" class=\"vc_custom_heading vc_do_custom_heading\" >What do I need to use your Expert Advisors?<\/h3><i class=\"vc_toggle_icon\"><\/i><\/div><div class=\"vc_toggle_content\"><p>Semplice: un Pc ed una connessione ad Internet. \u00c8 comunque consigliabile il noleggio di un VPS (Virtual Private Server) per permettere ai Robot di lavorare H24 senza dover tenere acceso il proprio PC. Se non hai mai noleggiato un VPS prima d\u2019ora, noi ti assisteremo e ti aiuteremo a farlo in pochi minuti.<\/p>\n<\/div><\/div><div  class=\"vc_do_toggle vc_toggle vc_toggle_round vc_toggle_color_blue  vc_toggle_size_md   text400\"><div class=\"vc_toggle_title\"><h3 style=\"text-align: left\" class=\"vc_custom_heading vc_do_custom_heading\" >Which brokers can I use with your Expert Advisors?<\/h3><i class=\"vc_toggle_icon\"><\/i><\/div><div class=\"vc_toggle_content\"><p>I nostri Expert Advisor funzionano perfettamente con ogni tipo di <a href=\"https:\/\/autotradingexpertadvisor.com\/en\/broker-migliore-mt4-trading-automatico\/\">Broker<\/a> che offra la piattaforma Metatrader 4: i Trading Robot sono programmati per funzionare senza problemi con la leva imposta dalla Normativa ESMA.<\/p>\n<\/div><\/div><div  class=\"vc_do_toggle vc_toggle vc_toggle_round vc_toggle_color_blue  vc_toggle_size_md   text400\"><div class=\"vc_toggle_title\"><h3 style=\"text-align: left\" class=\"vc_custom_heading vc_do_custom_heading\" >What kind of returns can I expect from your Expert Advisors?<\/h3><i class=\"vc_toggle_icon\"><\/i><\/div><div class=\"vc_toggle_content\"><p>I\u00a0 Trading Robot sono uno strumento liberamente utilizzabile dal Trader, che pu\u00f2 decidere in autonomia tutti i parametri relativi alla strategia, al Money Management e alla gestione del profilo rischio\/rendimento: per questo motivo, \u00e8 impossibile parlare di rendimenti a priori. I nostri Expert Advisor lavorano su MT4 ed hanno dimostrato, nel corso di numerosi Stress Test, enormi doti di stabilit\u00e0 ed efficacia nel lungo termine, come si evince dalla sezione <a href=\"https:\/\/autotradingexpertadvisor.com\/en\/risultati-live-trading-robot-expert-advisor\/\">Live results<\/a>.<\/p>\n<p><a href=\"http:\/\/autotradingexpertadvisor.com\/en\/contatti\/\">Contact us<\/a> e sarai richiamato da uno dei nostri Consulenti che potr\u00e0 mostrarti ulteriori Test Storici e diversi Report attuali dell\u2019utilizzo dei nostri Expert Advisor su Conti Reali.<\/p>\n<\/div><\/div><div  class=\"vc_do_toggle vc_toggle vc_toggle_round vc_toggle_color_blue  vc_toggle_size_md   text400\"><div class=\"vc_toggle_title\"><h3 style=\"text-align: left\" class=\"vc_custom_heading vc_do_custom_heading\" >What is the minimum capital required to start trading with your Expert Advisors?<\/h3><i class=\"vc_toggle_icon\"><\/i><\/div><div class=\"vc_toggle_content\"><p>Per avere i giusti margini di sicurezza e garantire l&#8217;operativit\u00e0 dei Trading Robot, risulta consigliabile iniziare con un capitale minimo di 500\/1000 euro.<\/p>\n<\/div><\/div><div  class=\"vc_do_toggle vc_toggle vc_toggle_round vc_toggle_color_blue  vc_toggle_size_md   text400\"><div class=\"vc_toggle_title\"><h3 style=\"text-align: left\" class=\"vc_custom_heading vc_do_custom_heading\" >Where can I read user reviews of your Expert Advisors?<\/h3><i class=\"vc_toggle_icon\"><\/i><\/div><div class=\"vc_toggle_content\"><p>I nostri Expert Advisor sono stati recensiti da tantissimi utenti ed anche da Milano Finanza. Per esigenze di trasparenza abbiamo deciso di raccogliere le opinioni degli utenti sulla nostra pagina Facebook. <a title=\"Le Recensioni\" href=\"https:\/\/autotradingexpertadvisor.com\/en\/recensioni-stamina\/\" target=\"_blank\" rel=\"noopener\">Clicca QUI<\/a> to read the reviews released or <a href=\"https:\/\/www.milanofinanza.it\/news\/stamina-expert-advisor-l-eccellenza-italiana-del-trading-automatico-202009170940327582\" target=\"_blank\" rel=\"noopener\">Clicca QUI<\/a> to read the Milano Finanza Review.<\/p>\n<\/div><\/div><div  class=\"vc_do_toggle vc_toggle vc_toggle_round vc_toggle_color_blue  vc_toggle_size_md   text400\"><div class=\"vc_toggle_title\"><h3 style=\"text-align: left\" class=\"vc_custom_heading vc_do_custom_heading\" >I have no experience with automated trading and don't know what to do: what kind of support will I receive?<\/h3><i class=\"vc_toggle_icon\"><\/i><\/div><div class=\"vc_toggle_content\"><p>L\u2019assistenza tecnica \u00e8 il fiore all\u2019occhiello del nostro servizio: ogni utente ha un Consulente dedicato che lo assiste in tutte le fasi, dall\u2019acquisto all\u2019<a href=\"https:\/\/autotradingexpertadvisor.com\/en\/installare-expert-advisor-mt4-trading-automatico\/\">the installation,<\/a>, con check telefonici prefissati e se necessario interventi di assistenza da remoto. L\u2019assistenza \u00e8 gratuita ed \u00e8 garantita per tutta la durata dell\u2019abbonamento.<\/p>\n<\/div><\/div><div  class=\"vc_do_toggle vc_toggle vc_toggle_round vc_toggle_color_blue  vc_toggle_size_md   text400\"><div class=\"vc_toggle_title\"><h3 style=\"text-align: left\" class=\"vc_custom_heading vc_do_custom_heading\" >How can I monitor the performance of your Expert Advisors?<\/h3><i class=\"vc_toggle_icon\"><\/i><\/div><div class=\"vc_toggle_content\"><p>I nostri Expert Advisor lavorano per te, ma tu puoi controllare e indirizzare il loro lavoro in ogni istante: con un click puoi infatti attivarli e disattivarli, oppure chiudere le posizioni aperte in qualsiasi momento ed impedire l\u2019apertura di nuovi Trade. L\u2019utente ha sempre il pieno controllo del proprio Conto di Trading, soprattutto perch\u00e9 tutti i parametri dei software sono completamente personalizzabili.<\/p>\n<\/div><\/div><div  class=\"vc_do_toggle vc_toggle vc_toggle_round vc_toggle_color_blue  vc_toggle_size_md   text400\"><div class=\"vc_toggle_title\"><h3 style=\"text-align: left\" class=\"vc_custom_heading vc_do_custom_heading\" >Are there risks involved in using your Expert Advisors?<\/h3><i class=\"vc_toggle_icon\"><\/i><\/div><div class=\"vc_toggle_content\"><p>Il Trading Online \u00e8 un&#8217;attivit\u00e0 rischiosa e ti invitiamo a diffidare sempre da chi ti dice il contrario! In ogni caso l&#8217;obbiettivo dei nostri Expert Advisor \u00e8 quello di perseguire un Trading responsabile e sostenibile nel lungo termine: il Team di Progettazione lavora incessantemente per assicurare livelli di sicurezza e stabilit\u00e0 sempre maggiori. Consulta il Disclaimer presente sul sito per ulteriori informazioni.<\/p>\n<\/div><\/div><\/div><\/div><\/div><\/div>\n<\/div>","protected":false},"excerpt":{"rendered":"HAI DEI DUBBI?CONSULTA LE NOSTRE F.A.Q.Cosa sono i vostri Expert Advisor?I nostri Expert Advisor sono dei software in grado di automatizzare il Trading Online \u00a0sui mercati del Forex attraverso sofisticati sistemi di Trading Algoritmico: in parole semplici, si tratta di Trading Robot che svolgono un&#8217;attivit\u00e0 di Trading Automatico, operando sui mercati finanziari in elevata automazione. [...]","protected":false},"author":1,"featured_media":0,"parent":0,"menu_order":0,"comment_status":"closed","ping_status":"closed","template":"","meta":{"_joinchat":[],"footnotes":""},"class_list":["post-12842","page","type-page","status-publish","hentry"],"aioseo_notices":[],"_links":{"self":[{"href":"https:\/\/autotradingexpertadvisor.com\/en\/wp-json\/wp\/v2\/pages\/12842","targetHints":{"allow":["GET"]}}],"collection":[{"href":"https:\/\/autotradingexpertadvisor.com\/en\/wp-json\/wp\/v2\/pages"}],"about":[{"href":"https:\/\/autotradingexpertadvisor.com\/en\/wp-json\/wp\/v2\/types\/page"}],"author":[{"embeddable":true,"href":"https:\/\/autotradingexpertadvisor.com\/en\/wp-json\/wp\/v2\/users\/1"}],"replies":[{"embeddable":true,"href":"https:\/\/autotradingexpertadvisor.com\/en\/wp-json\/wp\/v2\/comments?post=12842"}],"version-history":[{"count":5,"href":"https:\/\/autotradingexpertadvisor.com\/en\/wp-json\/wp\/v2\/pages\/12842\/revisions"}],"predecessor-version":[{"id":22608,"href":"https:\/\/autotradingexpertadvisor.com\/en\/wp-json\/wp\/v2\/pages\/12842\/revisions\/22608"}],"wp:attachment":[{"href":"https:\/\/autotradingexpertadvisor.com\/en\/wp-json\/wp\/v2\/media?parent=12842"}],"curies":[{"name":"wp","href":"https:\/\/api.w.org\/{rel}","templated":true}]}}